{"id":118,"date":"2020-04-21T12:31:25","date_gmt":"2020-04-21T10:31:25","guid":{"rendered":"http:\/\/www.malagakizomba.es\/?page_id=118"},"modified":"2026-02-26T16:31:16","modified_gmt":"2026-02-26T15:31:16","slug":"kizomba","status":"publish","type":"page","link":"https:\/\/www.malagakizomba.es\/index.php\/kizomba\/","title":{"rendered":"KIZOMBA"},"content":{"rendered":"\t\t<div data-elementor-type=\"wp-page\" data-elementor-id=\"118\" class=\"elementor elementor-118\" data-elementor-settings=\"[]\">\n\t\t\t\t\t\t<div class=\"elementor-inner\">\n\t\t\t\t\t\t\t<div class=\"elementor-section-wrap\">\n\t\t\t\t\t\t\t<section class=\"elementor-section elementor-top-section elementor-element elementor-element-ef2a440 elementor-section-boxed elementor-section-height-default elementor-section-height-default\" data-id=\"ef2a440\" data-element_type=\"section\">\n\t\t\t\t\t\t<div class=\"elementor-container elementor-column-gap-default\">\n\t\t\t\t\t\t\t<div class=\"elementor-row\">\n\t\t\t\t\t<div class=\"elementor-column elementor-col-100 elementor-top-column elementor-element elementor-element-46ebf04\" data-id=\"46ebf04\" data-element_type=\"column\">\n\t\t\t<div class=\"elementor-column-wrap elementor-element-populated\">\n\t\t\t\t\t\t\t<div class=\"elementor-widget-wrap\">\n\t\t\t\t\t\t<div class=\"elementor-element elementor-element-90347a7 elementor-widget elementor-widget-heading\" data-id=\"90347a7\" data-element_type=\"widget\" data-widget_type=\"heading.default\">\n\t\t\t\t<div class=\"elementor-widget-container\">\n\t\t\t<h1 class=\"elementor-heading-title elementor-size-default\">Clases de kizomba en M\u00e1laga para todos los niveles\n<\/h1>\t\t<\/div>\n\t\t\t\t<\/div>\n\t\t\t\t<div class=\"elementor-element elementor-element-5582782 elementor-widget elementor-widget-text-editor\" data-id=\"5582782\" data-element_type=\"widget\" data-widget_type=\"text-editor.default\">\n\t\t\t\t<div class=\"elementor-widget-container\">\n\t\t\t\t\t<div class=\"elementor-text-editor elementor-clearfix\"><p><span style=\"font-weight: 400;\">En nuestras clases de kizomba en M\u00e1laga potenciamos la t\u00e9cnica, la conexi\u00f3n y la interpretaci\u00f3n musical en pareja. Acompa\u00f1amos tanto a quienes se inician como a quienes desean perfeccionar su estilo, profundizando en la esencia de este baile africano dentro de un entorno profesional, cercano y enfocado en la evoluci\u00f3n constante.<\/span><\/p><\/div>\n\t\t\t\t<\/div>\n\t\t\t\t<\/div>\n\t\t\t\t\t\t<\/div>\n\t\t\t\t\t<\/div>\n\t\t<\/div>\n\t\t\t\t\t\t\t\t<\/div>\n\t\t\t\t\t<\/div>\n\t\t<\/section>\n\t\t\t\t<section class=\"elementor-section elementor-top-section elementor-element elementor-element-44f0669 elementor-section-boxed elementor-section-height-default elementor-section-height-default\" data-id=\"44f0669\" data-element_type=\"section\">\n\t\t\t\t\t\t<div class=\"elementor-container elementor-column-gap-default\">\n\t\t\t\t\t\t\t<div class=\"elementor-row\">\n\t\t\t\t\t<div class=\"elementor-column elementor-col-100 elementor-top-column elementor-element elementor-element-caa5d4d\" data-id=\"caa5d4d\" data-element_type=\"column\">\n\t\t\t<div class=\"elementor-column-wrap elementor-element-populated\">\n\t\t\t\t\t\t\t<div class=\"elementor-widget-wrap\">\n\t\t\t\t\t\t<div class=\"elementor-element elementor-element-1e4a792 elementor-aspect-ratio-169 elementor-widget elementor-widget-video\" data-id=\"1e4a792\" data-element_type=\"widget\" data-settings=\"{&quot;youtube_url&quot;:&quot;https:\\\/\\\/youtu.be\\\/80hzahTsK2g&quot;,&quot;video_type&quot;:&quot;youtube&quot;,&quot;controls&quot;:&quot;yes&quot;,&quot;aspect_ratio&quot;:&quot;169&quot;}\" data-widget_type=\"video.default\">\n\t\t\t\t<div class=\"elementor-widget-container\">\n\t\t\t\t\t<div class=\"elementor-wrapper elementor-fit-aspect-ratio elementor-open-inline\">\n\t\t\t<div class=\"elementor-video\"><\/div>\t\t<\/div>\n\t\t\t\t<\/div>\n\t\t\t\t<\/div>\n\t\t\t\t<div class=\"elementor-element elementor-element-5605f10 elementor-widget elementor-widget-text-editor\" data-id=\"5605f10\" data-element_type=\"widget\" data-widget_type=\"text-editor.default\">\n\t\t\t\t<div class=\"elementor-widget-container\">\n\t\t\t\t\t<div class=\"elementor-text-editor elementor-clearfix\"><h2>Kizomba M\u00e1laga con atenci\u00f3n personalizada<\/h2><p><span style=\"font-weight: 400;\">En nuestras clases de baile africano cuidamos cada detalle para que avances con seguridad y confianza, independientemente de tu experiencia. Desde tus primeros pasos hasta combinaciones m\u00e1s complejas en pareja, recibir\u00e1s correcciones individuales y acompa\u00f1amiento constante. Vive la evoluci\u00f3n en pista y descubre un ejemplo del<span style=\"text-decoration: underline;\"> <a href=\"https:\/\/www.youtube.com\/watch?v=80hzahTsK2g\">baile aqu\u00ed.<\/a><\/span><\/span><\/p><\/div>\n\t\t\t\t<\/div>\n\t\t\t\t<\/div>\n\t\t\t\t\t\t<\/div>\n\t\t\t\t\t<\/div>\n\t\t<\/div>\n\t\t\t\t\t\t\t\t<\/div>\n\t\t\t\t\t<\/div>\n\t\t<\/section>\n\t\t\t\t<section class=\"elementor-section elementor-top-section elementor-element elementor-element-dae7ad2 elementor-section-boxed elementor-section-height-default elementor-section-height-default\" data-id=\"dae7ad2\" data-element_type=\"section\">\n\t\t\t\t\t\t<div class=\"elementor-container elementor-column-gap-default\">\n\t\t\t\t\t\t\t<div class=\"elementor-row\">\n\t\t\t\t\t<div class=\"elementor-column elementor-col-100 elementor-top-column elementor-element elementor-element-51cd01b\" data-id=\"51cd01b\" data-element_type=\"column\">\n\t\t\t<div class=\"elementor-column-wrap elementor-element-populated\">\n\t\t\t\t\t\t\t<div class=\"elementor-widget-wrap\">\n\t\t\t\t\t\t<div class=\"elementor-element elementor-element-a975d44 elementor-aspect-ratio-169 elementor-widget elementor-widget-video\" data-id=\"a975d44\" data-element_type=\"widget\" data-settings=\"{&quot;youtube_url&quot;:&quot;https:\\\/\\\/youtu.be\\\/U6WQ4stnNN8&quot;,&quot;video_type&quot;:&quot;youtube&quot;,&quot;controls&quot;:&quot;yes&quot;,&quot;aspect_ratio&quot;:&quot;169&quot;}\" data-widget_type=\"video.default\">\n\t\t\t\t<div class=\"elementor-widget-container\">\n\t\t\t\t\t<div class=\"elementor-wrapper elementor-fit-aspect-ratio elementor-open-inline\">\n\t\t\t<div class=\"elementor-video\"><\/div>\t\t<\/div>\n\t\t\t\t<\/div>\n\t\t\t\t<\/div>\n\t\t\t\t<div class=\"elementor-element elementor-element-265497b elementor-widget elementor-widget-text-editor\" data-id=\"265497b\" data-element_type=\"widget\" data-widget_type=\"text-editor.default\">\n\t\t\t\t<div class=\"elementor-widget-container\">\n\t\t\t\t\t<div class=\"elementor-text-editor elementor-clearfix\"><p><span style=\"color: #888888;\">Clases grupales de baile con Cornelius Kizomba M\u00e1laga<\/span><\/p><\/div>\n\t\t\t\t<\/div>\n\t\t\t\t<\/div>\n\t\t\t\t\t\t<\/div>\n\t\t\t\t\t<\/div>\n\t\t<\/div>\n\t\t\t\t\t\t\t\t<\/div>\n\t\t\t\t\t<\/div>\n\t\t<\/section>\n\t\t\t\t<section class=\"elementor-section elementor-top-section elementor-element elementor-element-2c7af11 elementor-section-boxed elementor-section-height-default elementor-section-height-default\" data-id=\"2c7af11\" data-element_type=\"section\">\n\t\t\t\t\t\t<div class=\"elementor-container elementor-column-gap-default\">\n\t\t\t\t\t\t\t<div class=\"elementor-row\">\n\t\t\t\t\t<div class=\"elementor-column elementor-col-100 elementor-top-column elementor-element elementor-element-01b699e\" data-id=\"01b699e\" data-element_type=\"column\">\n\t\t\t<div class=\"elementor-column-wrap elementor-element-populated\">\n\t\t\t\t\t\t\t<div class=\"elementor-widget-wrap\">\n\t\t\t\t\t\t<div class=\"elementor-element elementor-element-ce81320 elementor-widget elementor-widget-heading\" data-id=\"ce81320\" data-element_type=\"widget\" data-widget_type=\"heading.default\">\n\t\t\t\t<div class=\"elementor-widget-container\">\n\t\t\t<h2 class=\"elementor-heading-title elementor-size-default\">Kizomba en pareja en clases grupales din\u00e1micas\n<\/h2>\t\t<\/div>\n\t\t\t\t<\/div>\n\t\t\t\t<div class=\"elementor-element elementor-element-4887b8b elementor-widget elementor-widget-text-editor\" data-id=\"4887b8b\" data-element_type=\"widget\" data-widget_type=\"text-editor.default\">\n\t\t\t\t<div class=\"elementor-widget-container\">\n\t\t\t\t\t<div class=\"elementor-text-editor elementor-clearfix\"><p><span style=\"font-weight: 400;\">Nuestras clases grupales de kizomba en pareja est\u00e1n dise\u00f1adas para todos los niveles, desde principiantes hasta alumnos avanzados. En nuestra escuela de baile en M\u00e1laga fomentamos el aprendizaje en grupo, la conexi\u00f3n y la pr\u00e1ctica constante, adem\u00e1s de participar en eventos sociales para disfrutar del baile africano.<\/span><\/p><\/div>\n\t\t\t\t<\/div>\n\t\t\t\t<\/div>\n\t\t\t\t<div class=\"elementor-element elementor-element-df19684 elementor-widget elementor-widget-text-editor\" data-id=\"df19684\" data-element_type=\"widget\" data-widget_type=\"text-editor.default\">\n\t\t\t\t<div class=\"elementor-widget-container\">\n\t\t\t\t\t<div class=\"elementor-text-editor elementor-clearfix\"><p><strong>Descubre kizomba en M\u00e1laga y solicita informaci\u00f3n por correo o vis\u00edtanos.<\/strong><\/p><\/div>\n\t\t\t\t<\/div>\n\t\t\t\t<\/div>\n\t\t\t\t<div class=\"elementor-element elementor-element-418a4a3 elementor-align-center elementor-widget elementor-widget-button\" data-id=\"418a4a3\" data-element_type=\"widget\" data-widget_type=\"button.default\">\n\t\t\t\t<div class=\"elementor-widget-container\">\n\t\t\t\t\t<div class=\"elementor-button-wrapper\">\n\t\t\t<a href=\"mailto:kizombamalaga@gmail.com.%20\" class=\"elementor-button-link elementor-button elementor-size-sm\" role=\"button\">\n\t\t\t\t\t\t<span class=\"elementor-button-content-wrapper\">\n\t\t\t\t\t\t<span class=\"elementor-button-text\">Escr\u00edbenos para tus clases de kizomba<\/span>\n\t\t<\/span>\n\t\t\t\t\t<\/a>\n\t\t<\/div>\n\t\t\t\t<\/div>\n\t\t\t\t<\/div>\n\t\t\t\t\t\t<\/div>\n\t\t\t\t\t<\/div>\n\t\t<\/div>\n\t\t\t\t\t\t\t\t<\/div>\n\t\t\t\t\t<\/div>\n\t\t<\/section>\n\t\t\t\t\t\t<\/div>\n\t\t\t\t\t\t<\/div>\n\t\t\t\t\t<\/div>\n\t\t","protected":false},"excerpt":{"rendered":"<p>Clases de kizomba en M\u00e1laga para todos los niveles En nuestras clases de kizomba en M\u00e1laga potenciamos la t\u00e9cnica, la conexi\u00f3n y la interpretaci\u00f3n musical en pareja. Acompa\u00f1amos tanto a quienes se inician como a quienes desean perfeccionar su estilo, profundizando en la esencia de este baile africano dentro de <a href=\"https:\/\/www.malagakizomba.es\/index.php\/kizomba\/\" class=\"more-link\">Read More<\/a><\/p>\n","protected":false},"author":1,"featured_media":0,"parent":0,"menu_order":0,"comment_status":"closed","ping_status":"closed","template":"","meta":{"footnotes":""},"class_list":["post-118","page","type-page","status-publish","hentry"],"yoast_head":"<!-- This site is optimized with the Yoast SEO plugin v16.0.2 - https:\/\/yoast.com\/wordpress\/plugins\/seo\/ -->\n<title>Clases de kizomba en M\u00e1laga para todos los niveles. M\u00e1laga Kizomba.<\/title>\n<meta name=\"description\" content=\"Clases de kizomba en M\u00e1laga con profesores expertos. Aprende baile africano en pareja, desde nivel inicial hasta avanzado en nuestra escuela especializada.\" \/>\n<link rel=\"canonical\" href=\"https:\/\/www.malagakizomba.es\/index.php\/kizomba\/\" \/>\n<meta property=\"og:locale\" content=\"en_US\" \/>\n<meta property=\"og:type\" content=\"article\" \/>\n<meta property=\"og:title\" content=\"Clases de kizomba en M\u00e1laga para todos los niveles. M\u00e1laga Kizomba.\" \/>\n<meta property=\"og:description\" content=\"Clases de kizomba en M\u00e1laga con profesores expertos. Aprende baile africano en pareja, desde nivel inicial hasta avanzado en nuestra escuela especializada.\" \/>\n<meta property=\"og:url\" content=\"https:\/\/www.malagakizomba.es\/index.php\/kizomba\/\" \/>\n<meta property=\"og:site_name\" content=\"MALAGA KIZOMBA\" \/>\n<meta property=\"article:publisher\" content=\"https:\/\/www.facebook.com\/CorneliusKizombaOficial\/\" \/>\n<meta property=\"article:modified_time\" content=\"2026-02-26T15:31:16+00:00\" \/>\n<meta name=\"twitter:card\" content=\"summary_large_image\" \/>\n<meta name=\"twitter:label1\" content=\"Est. reading time\">\n\t<meta name=\"twitter:data1\" content=\"1 minute\">\n<script type=\"application\/ld+json\" class=\"yoast-schema-graph\">{\"@context\":\"https:\/\/schema.org\",\"@graph\":[{\"@type\":\"WebSite\",\"@id\":\"https:\/\/www.malagakizomba.es\/#website\",\"url\":\"https:\/\/www.malagakizomba.es\/\",\"name\":\"MALAGA KIZOMBA\",\"description\":\"Escuela de Baile\",\"potentialAction\":[{\"@type\":\"SearchAction\",\"target\":\"https:\/\/www.malagakizomba.es\/?s={search_term_string}\",\"query-input\":\"required name=search_term_string\"}],\"inLanguage\":\"en-US\"},{\"@type\":\"WebPage\",\"@id\":\"https:\/\/www.malagakizomba.es\/index.php\/kizomba\/#webpage\",\"url\":\"https:\/\/www.malagakizomba.es\/index.php\/kizomba\/\",\"name\":\"Clases de kizomba en M\\u00e1laga para todos los niveles. M\\u00e1laga Kizomba.\",\"isPartOf\":{\"@id\":\"https:\/\/www.malagakizomba.es\/#website\"},\"datePublished\":\"2020-04-21T10:31:25+00:00\",\"dateModified\":\"2026-02-26T15:31:16+00:00\",\"description\":\"Clases de kizomba en M\\u00e1laga con profesores expertos. Aprende baile africano en pareja, desde nivel inicial hasta avanzado en nuestra escuela especializada.\",\"breadcrumb\":{\"@id\":\"https:\/\/www.malagakizomba.es\/index.php\/kizomba\/#breadcrumb\"},\"inLanguage\":\"en-US\",\"potentialAction\":[{\"@type\":\"ReadAction\",\"target\":[\"https:\/\/www.malagakizomba.es\/index.php\/kizomba\/\"]}]},{\"@type\":\"BreadcrumbList\",\"@id\":\"https:\/\/www.malagakizomba.es\/index.php\/kizomba\/#breadcrumb\",\"itemListElement\":[{\"@type\":\"ListItem\",\"position\":1,\"item\":{\"@type\":\"WebPage\",\"@id\":\"https:\/\/www.malagakizomba.es\/\",\"url\":\"https:\/\/www.malagakizomba.es\/\",\"name\":\"Portada\"}},{\"@type\":\"ListItem\",\"position\":2,\"item\":{\"@type\":\"WebPage\",\"@id\":\"https:\/\/www.malagakizomba.es\/index.php\/kizomba\/\",\"url\":\"https:\/\/www.malagakizomba.es\/index.php\/kizomba\/\",\"name\":\"KIZOMBA\"}}]}]}<\/script>\n<!-- \/ Yoast SEO plugin. -->","_links":{"self":[{"href":"https:\/\/www.malagakizomba.es\/index.php\/wp-json\/wp\/v2\/pages\/118","targetHints":{"allow":["GET"]}}],"collection":[{"href":"https:\/\/www.malagakizomba.es\/index.php\/wp-json\/wp\/v2\/pages"}],"about":[{"href":"https:\/\/www.malagakizomba.es\/index.php\/wp-json\/wp\/v2\/types\/page"}],"author":[{"embeddable":true,"href":"https:\/\/www.malagakizomba.es\/index.php\/wp-json\/wp\/v2\/users\/1"}],"replies":[{"embeddable":true,"href":"https:\/\/www.malagakizomba.es\/index.php\/wp-json\/wp\/v2\/comments?post=118"}],"version-history":[{"count":17,"href":"https:\/\/www.malagakizomba.es\/index.php\/wp-json\/wp\/v2\/pages\/118\/revisions"}],"predecessor-version":[{"id":291,"href":"https:\/\/www.malagakizomba.es\/index.php\/wp-json\/wp\/v2\/pages\/118\/revisions\/291"}],"wp:attachment":[{"href":"https:\/\/www.malagakizomba.es\/index.php\/wp-json\/wp\/v2\/media?parent=118"}],"curies":[{"name":"wp","href":"https:\/\/api.w.org\/{rel}","templated":true}]}}